{"id":16072,"date":"2023-03-15T10:57:13","date_gmt":"2023-03-15T09:57:13","guid":{"rendered":"https:\/\/stagesoprema.metest.it\/bim\/"},"modified":"2023-06-30T10:59:45","modified_gmt":"2023-06-30T08:59:45","slug":"bim","status":"publish","type":"page","link":"https:\/\/stagesoprema.metest.it\/pt-pt\/bim\/","title":{"rendered":"BIM"},"content":{"rendered":"\t\t<div data-elementor-type=\"wp-page\" data-elementor-id=\"16072\" class=\"elementor elementor-16072 elementor-10937\" data-elementor-post-type=\"page\">\n\t\t\t\t\t\t\t\t\t<section class=\"elementor-section elementor-top-section elementor-element elementor-element-7784f32 elementor-section-boxed elementor-section-height-default elementor-section-height-default\" data-id=\"7784f32\" data-element_type=\"section\">\n\t\t\t\t\t\t<div class=\"elementor-container elementor-column-gap-default\">\n\t\t\t\t\t<div class=\"elementor-column elementor-col-100 elementor-top-column elementor-element elementor-element-ec5c3d3\" data-id=\"ec5c3d3\" data-element_type=\"column\">\n\t\t\t<div class=\"elementor-widget-wrap elementor-element-populated\">\n\t\t\t\t\t\t\t\t<div class=\"elementor-element elementor-element-21956d7 elementor-widget elementor-widget-heading\" data-id=\"21956d7\" data-element_type=\"widget\" data-widget_type=\"heading.default\">\n\t\t\t\t<div class=\"elementor-widget-container\">\n\t\t\t<style>\/*! elementor - v3.15.0 - 20-08-2023 *\/\n.elementor-heading-title{padding:0;margin:0;line-height:1}.elementor-widget-heading .elementor-heading-title[class*=elementor-size-]>a{color:inherit;font-size:inherit;line-height:inherit}.elementor-widget-heading .elementor-heading-title.elementor-size-small{font-size:15px}.elementor-widget-heading .elementor-heading-title.elementor-size-medium{font-size:19px}.elementor-widget-heading .elementor-heading-title.elementor-size-large{font-size:29px}.elementor-widget-heading .elementor-heading-title.elementor-size-xl{font-size:39px}.elementor-widget-heading .elementor-heading-title.elementor-size-xxl{font-size:59px}<\/style><h2 class=\"elementor-heading-title elementor-size-default\">BIM<\/h2>\t\t<\/div>\n\t\t\t\t<\/div>\n\t\t\t\t\t<\/div>\n\t\t<\/div>\n\t\t\t\t\t\t\t<\/div>\n\t\t<\/section>\n\t\t\t\t<section class=\"elementor-section elementor-top-section elementor-element elementor-element-e16ab20 elementor-section-boxed elementor-section-height-default elementor-section-height-default\" data-id=\"e16ab20\" data-element_type=\"section\">\n\t\t\t\t\t\t<div class=\"elementor-container elementor-column-gap-default\">\n\t\t\t\t\t<div class=\"elementor-column elementor-col-100 elementor-top-column elementor-element elementor-element-5efab90\" data-id=\"5efab90\" data-element_type=\"column\">\n\t\t\t<div class=\"elementor-widget-wrap elementor-element-populated\">\n\t\t\t\t\t\t\t\t<div class=\"elementor-element elementor-element-b195d68 elementor-widget elementor-widget-text-editor\" data-id=\"b195d68\" data-element_type=\"widget\" data-widget_type=\"text-editor.default\">\n\t\t\t\t<div class=\"elementor-widget-container\">\n\t\t\t<style>\/*! elementor - v3.15.0 - 20-08-2023 *\/\n.elementor-widget-text-editor.elementor-drop-cap-view-stacked .elementor-drop-cap{background-color:#69727d;color:#fff}.elementor-widget-text-editor.elementor-drop-cap-view-framed .elementor-drop-cap{color:#69727d;border:3px solid;background-color:transparent}.elementor-widget-text-editor:not(.elementor-drop-cap-view-default) .elementor-drop-cap{margin-top:8px}.elementor-widget-text-editor:not(.elementor-drop-cap-view-default) .elementor-drop-cap-letter{width:1em;height:1em}.elementor-widget-text-editor .elementor-drop-cap{float:left;text-align:center;line-height:1;font-size:50px}.elementor-widget-text-editor .elementor-drop-cap-letter{display:inline-block}<\/style>\t\t\t\t<p>Os objetos que vemos no BIM (Building Information Modeling) s\u00e3o uma representa\u00e7\u00e3o digital 3D complementada com informa\u00e7\u00f5es param\u00e9tricas, como dimens\u00f5es, altura, peso, n\u00famero de item e muito mais. Os objetos BIM incluem muitos par\u00e2metros diferentes: par\u00e2metros t\u00e9cnicos e geom\u00e9tricos que constituem as caracter\u00edsticas externas de um produto. Tamb\u00e9m cont\u00eam par\u00e2metros visuais que d\u00e3o a um objeto uma apar\u00eancia caracter\u00edstica e fazem com que o objeto virtual se comporte como na realidade. Os objetos podem ser complementados com par\u00e2metros din\u00e2micos, como informa\u00e7\u00f5es comerciais. &#8220;Resumindo: o conte\u00fado BIM \u00e9 constitu\u00eddo por todos os dados necess\u00e1rios aos projetistas, sem criar uma sobrecarga de informa\u00e7\u00e3o.&#8221;<\/p>\n<p>A Soprema partilha conte\u00fados BIM na p\u00e1gina <a href=\"https:\/\/www.bimandco.com\/it\/fabbricanti\/404-soprema-srl-italia\/details\">BIM&amp;CO<\/a>.<\/p>\n\t\t\t\t\t\t<\/div>\n\t\t\t\t<\/div>\n\t\t\t\t\t<\/div>\n\t\t<\/div>\n\t\t\t\t\t\t\t<\/div>\n\t\t<\/section>\n\t\t\t\t<section class=\"elementor-section elementor-top-section elementor-element elementor-element-e8af553 elementor-section-boxed elementor-section-height-default elementor-section-height-default\" data-id=\"e8af553\" data-element_type=\"section\">\n\t\t\t\t\t\t<div class=\"elementor-container elementor-column-gap-default\">\n\t\t\t\t\t<div class=\"elementor-column elementor-col-100 elementor-top-column elementor-element elementor-element-28f16dc\" data-id=\"28f16dc\" data-element_type=\"column\">\n\t\t\t<div class=\"elementor-widget-wrap elementor-element-populated\">\n\t\t\t\t\t\t\t\t<div class=\"elementor-element elementor-element-9295f7d elementor-widget elementor-widget-html\" data-id=\"9295f7d\" data-element_type=\"widget\" data-widget_type=\"html.default\">\n\t\t\t\t<div class=\"elementor-widget-container\">\n\t\t\t<iframe loading=\"lazy\" src=\"https:\/\/www.bimandco.com\/widget\/bimobjects\/list?key=ad44ce5d-7923-4c78-a02d-7d089f9adbcd\" width=\"560\" height=\"1000\" title=\"YouTube video\" frameborder=\"0\" allowfullscreen=\"\"><\/iframe>\t\t<\/div>\n\t\t\t\t<\/div>\n\t\t\t\t\t<\/div>\n\t\t<\/div>\n\t\t\t\t\t\t\t<\/div>\n\t\t<\/section>\n\t\t\t\t\t\t\t<\/div>\n\t\t","protected":false},"excerpt":{"rendered":"<p>BIM Os objetos que vemos no BIM (Building Information Modeling) s\u00e3o uma representa\u00e7\u00e3o digital 3D complementada com informa\u00e7\u00f5es param\u00e9tricas, como dimens\u00f5es, altura, peso, n\u00famero de item e muito mais. Os objetos BIM incluem muitos par\u00e2metros diferentes: par\u00e2metros t\u00e9cnicos e geom\u00e9tricos que constituem as caracter\u00edsticas externas de um produto. Tamb\u00e9m cont\u00eam par\u00e2metros visuais que d\u00e3o a&#8230;<\/p>\n","protected":false},"author":1,"featured_media":0,"parent":0,"menu_order":0,"comment_status":"closed","ping_status":"closed","template":"","meta":{"_tbt_post_transparent":"","_tbt_post_title":"hide","_tbt_post_layout":"fullwidth","_tbt_post_sidebar_id":"","_tbt_post_content_style":"unboxed","_tbt_post_vertical_padding":"hide","_tbt_post_feature":"hide","_tbt_post_feature_position":"","_tbt_post_header":false,"_tbt_post_footer":false},"class_list":["post-16072","page","type-page","status-publish","hentry"],"_links":{"self":[{"href":"https:\/\/stagesoprema.metest.it\/pt-pt\/wp-json\/wp\/v2\/pages\/16072","targetHints":{"allow":["GET"]}}],"collection":[{"href":"https:\/\/stagesoprema.metest.it\/pt-pt\/wp-json\/wp\/v2\/pages"}],"about":[{"href":"https:\/\/stagesoprema.metest.it\/pt-pt\/wp-json\/wp\/v2\/types\/page"}],"author":[{"embeddable":true,"href":"https:\/\/stagesoprema.metest.it\/pt-pt\/wp-json\/wp\/v2\/users\/1"}],"replies":[{"embeddable":true,"href":"https:\/\/stagesoprema.metest.it\/pt-pt\/wp-json\/wp\/v2\/comments?post=16072"}],"version-history":[{"count":45,"href":"https:\/\/stagesoprema.metest.it\/pt-pt\/wp-json\/wp\/v2\/pages\/16072\/revisions"}],"predecessor-version":[{"id":21138,"href":"https:\/\/stagesoprema.metest.it\/pt-pt\/wp-json\/wp\/v2\/pages\/16072\/revisions\/21138"}],"wp:attachment":[{"href":"https:\/\/stagesoprema.metest.it\/pt-pt\/wp-json\/wp\/v2\/media?parent=16072"}],"curies":[{"name":"wp","href":"https:\/\/api.w.org\/{rel}","templated":true}]}}