{"id":16073,"date":"2023-03-15T10:57:13","date_gmt":"2023-03-15T09:57:13","guid":{"rendered":"https:\/\/stagesoprema.metest.it\/bim\/"},"modified":"2023-06-07T09:40:46","modified_gmt":"2023-06-07T07:40:46","slug":"bim","status":"publish","type":"page","link":"https:\/\/stagesoprema.metest.it\/es\/bim\/","title":{"rendered":"BIM"},"content":{"rendered":"\t\t<div data-elementor-type=\"wp-page\" data-elementor-id=\"16073\" class=\"elementor elementor-16073 elementor-10937\" data-elementor-post-type=\"page\">\n\t\t\t\t\t\t\t\t\t<section class=\"elementor-section elementor-top-section elementor-element elementor-element-716e716 elementor-section-boxed elementor-section-height-default elementor-section-height-default\" data-id=\"716e716\" data-element_type=\"section\">\n\t\t\t\t\t\t<div class=\"elementor-container elementor-column-gap-default\">\n\t\t\t\t\t<div class=\"elementor-column elementor-col-100 elementor-top-column elementor-element elementor-element-40c4fd5\" data-id=\"40c4fd5\" data-element_type=\"column\">\n\t\t\t<div class=\"elementor-widget-wrap elementor-element-populated\">\n\t\t\t\t\t\t\t\t<div class=\"elementor-element elementor-element-08d5d67 elementor-widget elementor-widget-heading\" data-id=\"08d5d67\" data-element_type=\"widget\" data-widget_type=\"heading.default\">\n\t\t\t\t<div class=\"elementor-widget-container\">\n\t\t\t<style>\/*! elementor - v3.15.0 - 20-08-2023 *\/\n.elementor-heading-title{padding:0;margin:0;line-height:1}.elementor-widget-heading .elementor-heading-title[class*=elementor-size-]>a{color:inherit;font-size:inherit;line-height:inherit}.elementor-widget-heading .elementor-heading-title.elementor-size-small{font-size:15px}.elementor-widget-heading .elementor-heading-title.elementor-size-medium{font-size:19px}.elementor-widget-heading .elementor-heading-title.elementor-size-large{font-size:29px}.elementor-widget-heading .elementor-heading-title.elementor-size-xl{font-size:39px}.elementor-widget-heading .elementor-heading-title.elementor-size-xxl{font-size:59px}<\/style><h2 class=\"elementor-heading-title elementor-size-default\">BIM<\/h2>\t\t<\/div>\n\t\t\t\t<\/div>\n\t\t\t\t\t<\/div>\n\t\t<\/div>\n\t\t\t\t\t\t\t<\/div>\n\t\t<\/section>\n\t\t\t\t<section class=\"elementor-section elementor-top-section elementor-element elementor-element-e16ab20 elementor-section-boxed elementor-section-height-default elementor-section-height-default\" data-id=\"e16ab20\" data-element_type=\"section\">\n\t\t\t\t\t\t<div class=\"elementor-container elementor-column-gap-default\">\n\t\t\t\t\t<div class=\"elementor-column elementor-col-100 elementor-top-column elementor-element elementor-element-5efab90\" data-id=\"5efab90\" data-element_type=\"column\">\n\t\t\t<div class=\"elementor-widget-wrap elementor-element-populated\">\n\t\t\t\t\t\t\t\t<div class=\"elementor-element elementor-element-b195d68 elementor-widget elementor-widget-text-editor\" data-id=\"b195d68\" data-element_type=\"widget\" data-widget_type=\"text-editor.default\">\n\t\t\t\t<div class=\"elementor-widget-container\">\n\t\t\t<style>\/*! elementor - v3.15.0 - 20-08-2023 *\/\n.elementor-widget-text-editor.elementor-drop-cap-view-stacked .elementor-drop-cap{background-color:#69727d;color:#fff}.elementor-widget-text-editor.elementor-drop-cap-view-framed .elementor-drop-cap{color:#69727d;border:3px solid;background-color:transparent}.elementor-widget-text-editor:not(.elementor-drop-cap-view-default) .elementor-drop-cap{margin-top:8px}.elementor-widget-text-editor:not(.elementor-drop-cap-view-default) .elementor-drop-cap-letter{width:1em;height:1em}.elementor-widget-text-editor .elementor-drop-cap{float:left;text-align:center;line-height:1;font-size:50px}.elementor-widget-text-editor .elementor-drop-cap-letter{display:inline-block}<\/style>\t\t\t\t<p>Soprema presente siempre en los procesos de vanguardia, se une a este entorno colaborativo propio de la metodolog\u00eda BIM, comparte su biblioteca ofreciendo sistemas y soluciones para incluir en las maquetas digitales de nuestros clientes, prescriptores, constructores o cualquier actor que gestione la informaci\u00f3n. Ofrecemos mas de 130 sistemas y archivos de materiales con geometr\u00edas precisas y parametrizaci\u00f3n amplia y flexible con la informaci\u00f3n de calidad m\u00e1s relevante durante la vida \u00fatil del edificio, mantenimiento y hasta su recuperaci\u00f3n. Los sistemas modelados con todas las capas aportan eficiencia global a la maquetas virtuales de los proyectistas.<\/p>\n<p>Y seguimos generando contenido. <a href=\"https:\/\/www.bimandco.com\/it\/fabbricanti\/404-soprema-srl-italia\/details\">BIM&amp;CO<\/a>.<\/p>\n\t\t\t\t\t\t<\/div>\n\t\t\t\t<\/div>\n\t\t\t\t\t<\/div>\n\t\t<\/div>\n\t\t\t\t\t\t\t<\/div>\n\t\t<\/section>\n\t\t\t\t<section class=\"elementor-section elementor-top-section elementor-element elementor-element-e8af553 elementor-section-boxed elementor-section-height-default elementor-section-height-default\" data-id=\"e8af553\" data-element_type=\"section\">\n\t\t\t\t\t\t<div class=\"elementor-container elementor-column-gap-default\">\n\t\t\t\t\t<div class=\"elementor-column elementor-col-100 elementor-top-column elementor-element elementor-element-28f16dc\" data-id=\"28f16dc\" data-element_type=\"column\">\n\t\t\t<div class=\"elementor-widget-wrap elementor-element-populated\">\n\t\t\t\t\t\t\t\t<div class=\"elementor-element elementor-element-9295f7d elementor-widget elementor-widget-html\" data-id=\"9295f7d\" data-element_type=\"widget\" data-widget_type=\"html.default\">\n\t\t\t\t<div class=\"elementor-widget-container\">\n\t\t\t<iframe loading=\"lazy\" src=\"https:\/\/www.bimandco.com\/widget\/bimobjects\/list?key=ad44ce5d-7923-4c78-a02d-7d089f9adbcd\" width=\"560\" height=\"1000\" title=\"YouTube video\" frameborder=\"0\" allowfullscreen=\"\"><\/iframe>\t\t<\/div>\n\t\t\t\t<\/div>\n\t\t\t\t\t<\/div>\n\t\t<\/div>\n\t\t\t\t\t\t\t<\/div>\n\t\t<\/section>\n\t\t\t\t\t\t\t<\/div>\n\t\t","protected":false},"excerpt":{"rendered":"<p>BIM Soprema presente siempre en los procesos de vanguardia, se une a este entorno colaborativo propio de la metodolog\u00eda BIM, comparte su biblioteca ofreciendo sistemas y soluciones para incluir en las maquetas digitales de nuestros clientes, prescriptores, constructores o cualquier actor que gestione la informaci\u00f3n. Ofrecemos mas de 130 sistemas y archivos de materiales con&#8230;<\/p>\n","protected":false},"author":1,"featured_media":0,"parent":0,"menu_order":0,"comment_status":"closed","ping_status":"closed","template":"","meta":{"_tbt_post_transparent":"","_tbt_post_title":"hide","_tbt_post_layout":"fullwidth","_tbt_post_sidebar_id":"","_tbt_post_content_style":"unboxed","_tbt_post_vertical_padding":"hide","_tbt_post_feature":"hide","_tbt_post_feature_position":"","_tbt_post_header":false,"_tbt_post_footer":false},"class_list":["post-16073","page","type-page","status-publish","hentry"],"_links":{"self":[{"href":"https:\/\/stagesoprema.metest.it\/es\/wp-json\/wp\/v2\/pages\/16073","targetHints":{"allow":["GET"]}}],"collection":[{"href":"https:\/\/stagesoprema.metest.it\/es\/wp-json\/wp\/v2\/pages"}],"about":[{"href":"https:\/\/stagesoprema.metest.it\/es\/wp-json\/wp\/v2\/types\/page"}],"author":[{"embeddable":true,"href":"https:\/\/stagesoprema.metest.it\/es\/wp-json\/wp\/v2\/users\/1"}],"replies":[{"embeddable":true,"href":"https:\/\/stagesoprema.metest.it\/es\/wp-json\/wp\/v2\/comments?post=16073"}],"version-history":[{"count":40,"href":"https:\/\/stagesoprema.metest.it\/es\/wp-json\/wp\/v2\/pages\/16073\/revisions"}],"predecessor-version":[{"id":17963,"href":"https:\/\/stagesoprema.metest.it\/es\/wp-json\/wp\/v2\/pages\/16073\/revisions\/17963"}],"wp:attachment":[{"href":"https:\/\/stagesoprema.metest.it\/es\/wp-json\/wp\/v2\/media?parent=16073"}],"curies":[{"name":"wp","href":"https:\/\/api.w.org\/{rel}","templated":true}]}}